{"id":1986,"date":"2023-07-17T19:56:52","date_gmt":"2023-07-17T19:56:52","guid":{"rendered":"http:\/\/zenit.edu.pl\/?page_id=1986"},"modified":"2025-07-27T09:11:55","modified_gmt":"2025-07-27T09:11:55","slug":"kadra_zenit","status":"publish","type":"page","link":"http:\/\/zenit.edu.pl\/?page_id=1986","title":{"rendered":"Kadra CSM Zenit"},"content":{"rendered":"\t\t<div data-elementor-type=\"wp-page\" data-elementor-id=\"1986\" class=\"elementor elementor-1986\">\n\t\t\t\t\t\t<section class=\"elementor-section elementor-top-section elementor-element elementor-element-4c4532bd elementor-section-height-min-height elementor-section-content-middle elementor-section-boxed elementor-section-height-default elementor-section-items-middle\" data-id=\"4c4532bd\" data-element_type=\"section\" data-e-type=\"section\" data-settings=\"{&quot;background_background&quot;:&quot;classic&quot;}\">\n\t\t\t\t\t\t\t<div class=\"elementor-background-overlay\"><\/div>\n\t\t\t\t\t\t\t<div class=\"elementor-container elementor-column-gap-no\">\n\t\t\t\t\t<div class=\"elementor-column elementor-col-100 elementor-top-column elementor-element elementor-element-782a0ed3\" data-id=\"782a0ed3\" data-element_type=\"column\" data-e-type=\"column\">\n\t\t\t<div class=\"elementor-widget-wrap elementor-element-populated\">\n\t\t\t\t\t\t<div class=\"elementor-element elementor-element-6cb7058e elementor-widget elementor-widget-heading\" data-id=\"6cb7058e\" data-element_type=\"widget\" data-e-type=\"widget\" data-widget_type=\"heading.default\">\n\t\t\t\t<div class=\"elementor-widget-container\">\n\t\t\t\t\t<h1 class=\"elementor-heading-title elementor-size-default\">Witamy w CSM Zenit<\/h1>\t\t\t\t<\/div>\n\t\t\t\t<\/div>\n\t\t\t\t<div class=\"elementor-element elementor-element-44e7f358 elementor-widget elementor-widget-heading\" data-id=\"44e7f358\" data-element_type=\"widget\" data-e-type=\"widget\" data-widget_type=\"heading.default\">\n\t\t\t\t<div class=\"elementor-widget-container\">\n\t\t\t\t\t<h5 class=\"elementor-heading-title elementor-size-default\">Kursy i szkolenia dla marynarzy, oficer\u00f3w, kapitan\u00f3w, kandydat\u00f3w na marynarzy, oraz pracownik\u00f3w l\u0105dowych i \u017ceglugowych<br>.<\/h5>\t\t\t\t<\/div>\n\t\t\t\t<\/div>\n\t\t\t\t\t<\/div>\n\t\t<\/div>\n\t\t\t\t\t<\/div>\n\t\t<\/section>\n\t\t\t\t<section class=\"elementor-section elementor-top-section elementor-element elementor-element-51f94b5 elementor-section-boxed elementor-section-height-default elementor-section-height-default\" data-id=\"51f94b5\" data-element_type=\"section\" data-e-type=\"section\">\n\t\t\t\t\t\t<div class=\"elementor-container elementor-column-gap-default\">\n\t\t\t\t\t<div class=\"elementor-column elementor-col-100 elementor-top-column elementor-element elementor-element-dba6aa3\" data-id=\"dba6aa3\" data-element_type=\"column\" data-e-type=\"column\">\n\t\t\t<div class=\"elementor-widget-wrap elementor-element-populated\">\n\t\t\t\t\t\t<div class=\"elementor-element elementor-element-1d7dbf4 elementor-widget elementor-widget-spacer\" data-id=\"1d7dbf4\" data-element_type=\"widget\" data-e-type=\"widget\" data-widget_type=\"spacer.default\">\n\t\t\t\t<div class=\"elementor-widget-container\">\n\t\t\t\t\t\t\t<div class=\"elementor-spacer\">\n\t\t\t<div class=\"elementor-spacer-inner\"><\/div>\n\t\t<\/div>\n\t\t\t\t\t\t<\/div>\n\t\t\t\t<\/div>\n\t\t\t\t<div class=\"elementor-element elementor-element-489c979 elementor-widget elementor-widget-heading\" data-id=\"489c979\" data-element_type=\"widget\" data-e-type=\"widget\" data-widget_type=\"heading.default\">\n\t\t\t\t<div class=\"elementor-widget-container\">\n\t\t\t\t\t<h2 class=\"elementor-heading-title elementor-size-default\">Kadra Centrum Szkoleniowego ZENIT<\/h2>\t\t\t\t<\/div>\n\t\t\t\t<\/div>\n\t\t\t\t<div class=\"elementor-element elementor-element-a892a6a elementor-widget elementor-widget-text-editor\" data-id=\"a892a6a\" data-element_type=\"widget\" data-e-type=\"widget\" data-widget_type=\"text-editor.default\">\n\t\t\t\t<div class=\"elementor-widget-container\">\n\t\t\t\t\t\t\t\t\t<p>Zesp\u00f3\u0142 dydaktyczny CSM Zenit to do\u015bwiadczeni z d\u0142ugoletnimi sta\u017cami pracy na statkach kapitanowie \u017ceglugi wielkiej, nauczyciele Akademickich Uczelni Morskich oraz czynni ratownicy morscy i medyczni. Osoby te posiadaj\u0105 odpowiednie wykszta\u0142cenie oraz dyplomy uprawniaj\u0105ce ich do prowadzenia zaj\u0119\u0107 w zakresie ratownictwa morskiego. Zgodnie z wymaganiami konwencji STCW, cz\u0142onkowie zespo\u0142u dydaktycznego CSM Zenit legitymuj\u0105 si\u0119 uko\u0144czeniem kursu dydaktycznego IMO i posiadaj\u0105 uprawnienia do prowadzenia szkole\u0144 certyfikowanych przez t\u0119 organizacj\u0119.<\/p>\t\t\t\t\t\t\t\t<\/div>\n\t\t\t\t<\/div>\n\t\t\t\t<section class=\"elementor-section elementor-inner-section elementor-element elementor-element-d431958 elementor-section-boxed elementor-section-height-default elementor-section-height-default\" data-id=\"d431958\" data-element_type=\"section\" data-e-type=\"section\">\n\t\t\t\t\t\t<div class=\"elementor-container elementor-column-gap-default\">\n\t\t\t\t\t<div class=\"elementor-column elementor-col-50 elementor-inner-column elementor-element elementor-element-6dd68ba\" data-id=\"6dd68ba\" data-element_type=\"column\" data-e-type=\"column\">\n\t\t\t<div class=\"elementor-widget-wrap elementor-element-populated\">\n\t\t\t\t\t\t<div class=\"elementor-element elementor-element-3568a7f elementor-widget elementor-widget-heading\" data-id=\"3568a7f\" data-element_type=\"widget\" data-e-type=\"widget\" data-widget_type=\"heading.default\">\n\t\t\t\t<div class=\"elementor-widget-container\">\n\t\t\t\t\t<h4 class=\"elementor-heading-title elementor-size-default\">Jaros\u0142aw Ja\u015bkiewicz<\/h4>\t\t\t\t<\/div>\n\t\t\t\t<\/div>\n\t\t\t\t<div class=\"elementor-element elementor-element-62cdfc7 elementor-widget elementor-widget-text-editor\" data-id=\"62cdfc7\" data-element_type=\"widget\" data-e-type=\"widget\" data-widget_type=\"text-editor.default\">\n\t\t\t\t<div class=\"elementor-widget-container\">\n\t\t\t\t\t\t\t\t\t<p style=\"text-align: center;\">DYREKTOR<\/p>\t\t\t\t\t\t\t\t<\/div>\n\t\t\t\t<\/div>\n\t\t\t\t<div class=\"elementor-element elementor-element-a739898 elementor-widget elementor-widget-heading\" data-id=\"a739898\" data-element_type=\"widget\" data-e-type=\"widget\" data-widget_type=\"heading.default\">\n\t\t\t\t<div class=\"elementor-widget-container\">\n\t\t\t\t\t<h4 class=\"elementor-heading-title elementor-size-default\">Janusz Markiewicz<\/h4>\t\t\t\t<\/div>\n\t\t\t\t<\/div>\n\t\t\t\t<div class=\"elementor-element elementor-element-a4094d6 elementor-widget elementor-widget-text-editor\" data-id=\"a4094d6\" data-element_type=\"widget\" data-e-type=\"widget\" data-widget_type=\"text-editor.default\">\n\t\t\t\t<div class=\"elementor-widget-container\">\n\t\t\t\t\t\t\t\t\t<p style=\"text-align: center;\">G\u0141\u00d3WNY WYK\u0141ADOWCA<\/p>\t\t\t\t\t\t\t\t<\/div>\n\t\t\t\t<\/div>\n\t\t\t\t\t<\/div>\n\t\t<\/div>\n\t\t\t\t<div class=\"elementor-column elementor-col-50 elementor-inner-column elementor-element elementor-element-3f2a821\" data-id=\"3f2a821\" data-element_type=\"column\" data-e-type=\"column\">\n\t\t\t<div class=\"elementor-widget-wrap elementor-element-populated\">\n\t\t\t\t\t\t<div class=\"elementor-element elementor-element-ecdca42 elementor-widget elementor-widget-heading\" data-id=\"ecdca42\" data-element_type=\"widget\" data-e-type=\"widget\" data-widget_type=\"heading.default\">\n\t\t\t\t<div class=\"elementor-widget-container\">\n\t\t\t\t\t<h4 class=\"elementor-heading-title elementor-size-default\">Anna Galankiewicz<\/h4>\t\t\t\t<\/div>\n\t\t\t\t<\/div>\n\t\t\t\t<div class=\"elementor-element elementor-element-bf1e334 elementor-widget elementor-widget-text-editor\" data-id=\"bf1e334\" data-element_type=\"widget\" data-e-type=\"widget\" data-widget_type=\"text-editor.default\">\n\t\t\t\t<div class=\"elementor-widget-container\">\n\t\t\t\t\t\t\t\t\t<p style=\"text-align: center;\">SPECJALISTA DS. SZKOLE\u0143<\/p>\t\t\t\t\t\t\t\t<\/div>\n\t\t\t\t<\/div>\n\t\t\t\t<div class=\"elementor-element elementor-element-125041e elementor-widget elementor-widget-heading\" data-id=\"125041e\" data-element_type=\"widget\" data-e-type=\"widget\" data-widget_type=\"heading.default\">\n\t\t\t\t<div class=\"elementor-widget-container\">\n\t\t\t\t\t<h4 class=\"elementor-heading-title elementor-size-default\">Katarzyna Pi\u0105tkowska<\/h4>\t\t\t\t<\/div>\n\t\t\t\t<\/div>\n\t\t\t\t<div class=\"elementor-element elementor-element-a8bb07b elementor-widget elementor-widget-text-editor\" data-id=\"a8bb07b\" data-element_type=\"widget\" data-e-type=\"widget\" data-widget_type=\"text-editor.default\">\n\t\t\t\t<div class=\"elementor-widget-container\">\n\t\t\t\t\t\t\t\t\t<p style=\"text-align: center;\">SPECJALISTA DS. SZKOLE\u0143<\/p>\t\t\t\t\t\t\t\t<\/div>\n\t\t\t\t<\/div>\n\t\t\t\t\t<\/div>\n\t\t<\/div>\n\t\t\t\t\t<\/div>\n\t\t<\/section>\n\t\t\t\t\t<\/div>\n\t\t<\/div>\n\t\t\t\t\t<\/div>\n\t\t<\/section>\n\t\t\t\t<\/div>\n\t\t","protected":false},"excerpt":{"rendered":"<p>Witamy w CSM Zenit Kursy i szkolenia dla marynarzy, oficer\u00f3w, kapitan\u00f3w, kandydat\u00f3w na marynarzy, oraz pracownik\u00f3w l\u0105dowych i \u017ceglugowych. Kadra Centrum Szkoleniowego ZENIT Zesp\u00f3\u0142 dydaktyczny CSM Zenit to do\u015bwiadczeni z d\u0142ugoletnimi sta\u017cami pracy na statkach kapitanowie \u017ceglugi wielkiej, nauczyciele Akademickich Uczelni Morskich oraz czynni ratownicy morscy i medyczni. Osoby te posiadaj\u0105 odpowiednie wykszta\u0142cenie oraz dyplomy [&hellip;]<\/p>\n","protected":false},"author":1,"featured_media":0,"parent":0,"menu_order":0,"comment_status":"closed","ping_status":"closed","template":"","meta":{"site-sidebar-layout":"no-sidebar","site-content-layout":"page-builder","ast-site-content-layout":"default","site-content-style":"default","site-sidebar-style":"default","ast-global-header-display":"","ast-banner-title-visibility":"","ast-main-header-display":"","ast-hfb-above-header-display":"","ast-hfb-below-header-display":"","ast-hfb-mobile-header-display":"","site-post-title":"disabled","ast-breadcrumbs-content":"","ast-featured-img":"disabled","footer-sml-layout":"","ast-disable-related-posts":"","theme-transparent-header-meta":"","adv-header-id-meta":"","stick-header-meta":"","header-above-stick-meta":"","header-main-stick-meta":"","header-below-stick-meta":"","astra-migrate-meta-layouts":"default","ast-page-background-enabled":"default","ast-page-background-meta":{"desktop":{"background-color":"","background-image":"","background-repeat":"repeat","background-position":"center center","background-size":"auto","background-attachment":"scroll","background-type":"","background-media":"","overlay-type":"","overlay-color":"","overlay-opacity":"","overlay-gradient":""},"tablet":{"background-color":"","background-image":"","background-repeat":"repeat","background-position":"center center","background-size":"auto","background-attachment":"scroll","background-type":"","background-media":"","overlay-type":"","overlay-color":"","overlay-opacity":"","overlay-gradient":""},"mobile":{"background-color":"","background-image":"","background-repeat":"repeat","background-position":"center center","background-size":"auto","background-attachment":"scroll","background-type":"","background-media":"","overlay-type":"","overlay-color":"","overlay-opacity":"","overlay-gradient":""}},"ast-content-background-meta":{"desktop":{"background-color":"var(--ast-global-color-5)","background-image":"","background-repeat":"repeat","background-position":"center center","background-size":"auto","background-attachment":"scroll","background-type":"","background-media":"","overlay-type":"","overlay-color":"","overlay-opacity":"","overlay-gradient":""},"tablet":{"background-color":"var(--ast-global-color-5)","background-image":"","background-repeat":"repeat","background-position":"center center","background-size":"auto","background-attachment":"scroll","background-type":"","background-media":"","overlay-type":"","overlay-color":"","overlay-opacity":"","overlay-gradient":""},"mobile":{"background-color":"var(--ast-global-color-5)","background-image":"","background-repeat":"repeat","background-position":"center center","background-size":"auto","background-attachment":"scroll","background-type":"","background-media":"","overlay-type":"","overlay-color":"","overlay-opacity":"","overlay-gradient":""}},"footnotes":""},"class_list":["post-1986","page","type-page","status-publish","hentry"],"yoast_head":"<!-- This site is optimized with the Yoast SEO plugin v27.4 - https:\/\/yoast.com\/product\/yoast-seo-wordpress\/ -->\n<title>Kadra CSM Zenit -<\/title>\n<meta name=\"robots\" content=\"index, follow, max-snippet:-1, max-image-preview:large, max-video-preview:-1\" \/>\n<link rel=\"canonical\" href=\"http:\/\/zenit.edu.pl\/?page_id=1986\" \/>\n<meta property=\"og:locale\" content=\"pl_PL\" \/>\n<meta property=\"og:type\" content=\"article\" \/>\n<meta property=\"og:title\" content=\"Kadra CSM Zenit -\" \/>\n<meta property=\"og:description\" content=\"Witamy w CSM Zenit Kursy i szkolenia dla marynarzy, oficer\u00f3w, kapitan\u00f3w, kandydat\u00f3w na marynarzy, oraz pracownik\u00f3w l\u0105dowych i \u017ceglugowych. Kadra Centrum Szkoleniowego ZENIT Zesp\u00f3\u0142 dydaktyczny CSM Zenit to do\u015bwiadczeni z d\u0142ugoletnimi sta\u017cami pracy na statkach kapitanowie \u017ceglugi wielkiej, nauczyciele Akademickich Uczelni Morskich oraz czynni ratownicy morscy i medyczni. Osoby te posiadaj\u0105 odpowiednie wykszta\u0142cenie oraz dyplomy [&hellip;]\" \/>\n<meta property=\"og:url\" content=\"http:\/\/zenit.edu.pl\/?page_id=1986\" \/>\n<meta property=\"article:modified_time\" content=\"2025-07-27T09:11:55+00:00\" \/>\n<meta name=\"twitter:card\" content=\"summary_large_image\" \/>\n<meta name=\"twitter:label1\" content=\"Szacowany czas czytania\" \/>\n\t<meta name=\"twitter:data1\" content=\"1 minuta\" \/>\n<script type=\"application\/ld+json\" class=\"yoast-schema-graph\">{\"@context\":\"https:\\\/\\\/schema.org\",\"@graph\":[{\"@type\":\"WebPage\",\"@id\":\"http:\\\/\\\/zenit.edu.pl\\\/?page_id=1986\",\"url\":\"http:\\\/\\\/zenit.edu.pl\\\/?page_id=1986\",\"name\":\"Kadra CSM Zenit -\",\"isPartOf\":{\"@id\":\"https:\\\/\\\/zenit.edu.pl\\\/#website\"},\"datePublished\":\"2023-07-17T19:56:52+00:00\",\"dateModified\":\"2025-07-27T09:11:55+00:00\",\"breadcrumb\":{\"@id\":\"http:\\\/\\\/zenit.edu.pl\\\/?page_id=1986#breadcrumb\"},\"inLanguage\":\"pl-PL\",\"potentialAction\":[{\"@type\":\"ReadAction\",\"target\":[\"http:\\\/\\\/zenit.edu.pl\\\/?page_id=1986\"]}]},{\"@type\":\"BreadcrumbList\",\"@id\":\"http:\\\/\\\/zenit.edu.pl\\\/?page_id=1986#breadcrumb\",\"itemListElement\":[{\"@type\":\"ListItem\",\"position\":1,\"name\":\"Strona g\u0142\u00f3wna\",\"item\":\"https:\\\/\\\/zenit.edu.pl\\\/\"},{\"@type\":\"ListItem\",\"position\":2,\"name\":\"Kadra CSM Zenit\"}]},{\"@type\":\"WebSite\",\"@id\":\"https:\\\/\\\/zenit.edu.pl\\\/#website\",\"url\":\"https:\\\/\\\/zenit.edu.pl\\\/\",\"name\":\"\",\"description\":\"Kursy Morskie\",\"potentialAction\":[{\"@type\":\"SearchAction\",\"target\":{\"@type\":\"EntryPoint\",\"urlTemplate\":\"https:\\\/\\\/zenit.edu.pl\\\/?s={search_term_string}\"},\"query-input\":{\"@type\":\"PropertyValueSpecification\",\"valueRequired\":true,\"valueName\":\"search_term_string\"}}],\"inLanguage\":\"pl-PL\"}]}<\/script>\n<!-- \/ Yoast SEO plugin. -->","yoast_head_json":{"title":"Kadra CSM Zenit -","robots":{"index":"index","follow":"follow","max-snippet":"max-snippet:-1","max-image-preview":"max-image-preview:large","max-video-preview":"max-video-preview:-1"},"canonical":"http:\/\/zenit.edu.pl\/?page_id=1986","og_locale":"pl_PL","og_type":"article","og_title":"Kadra CSM Zenit -","og_description":"Witamy w CSM Zenit Kursy i szkolenia dla marynarzy, oficer\u00f3w, kapitan\u00f3w, kandydat\u00f3w na marynarzy, oraz pracownik\u00f3w l\u0105dowych i \u017ceglugowych. Kadra Centrum Szkoleniowego ZENIT Zesp\u00f3\u0142 dydaktyczny CSM Zenit to do\u015bwiadczeni z d\u0142ugoletnimi sta\u017cami pracy na statkach kapitanowie \u017ceglugi wielkiej, nauczyciele Akademickich Uczelni Morskich oraz czynni ratownicy morscy i medyczni. Osoby te posiadaj\u0105 odpowiednie wykszta\u0142cenie oraz dyplomy [&hellip;]","og_url":"http:\/\/zenit.edu.pl\/?page_id=1986","article_modified_time":"2025-07-27T09:11:55+00:00","twitter_card":"summary_large_image","twitter_misc":{"Szacowany czas czytania":"1 minuta"},"schema":{"@context":"https:\/\/schema.org","@graph":[{"@type":"WebPage","@id":"http:\/\/zenit.edu.pl\/?page_id=1986","url":"http:\/\/zenit.edu.pl\/?page_id=1986","name":"Kadra CSM Zenit -","isPartOf":{"@id":"https:\/\/zenit.edu.pl\/#website"},"datePublished":"2023-07-17T19:56:52+00:00","dateModified":"2025-07-27T09:11:55+00:00","breadcrumb":{"@id":"http:\/\/zenit.edu.pl\/?page_id=1986#breadcrumb"},"inLanguage":"pl-PL","potentialAction":[{"@type":"ReadAction","target":["http:\/\/zenit.edu.pl\/?page_id=1986"]}]},{"@type":"BreadcrumbList","@id":"http:\/\/zenit.edu.pl\/?page_id=1986#breadcrumb","itemListElement":[{"@type":"ListItem","position":1,"name":"Strona g\u0142\u00f3wna","item":"https:\/\/zenit.edu.pl\/"},{"@type":"ListItem","position":2,"name":"Kadra CSM Zenit"}]},{"@type":"WebSite","@id":"https:\/\/zenit.edu.pl\/#website","url":"https:\/\/zenit.edu.pl\/","name":"","description":"Kursy Morskie","potentialAction":[{"@type":"SearchAction","target":{"@type":"EntryPoint","urlTemplate":"https:\/\/zenit.edu.pl\/?s={search_term_string}"},"query-input":{"@type":"PropertyValueSpecification","valueRequired":true,"valueName":"search_term_string"}}],"inLanguage":"pl-PL"}]}},"_links":{"self":[{"href":"http:\/\/zenit.edu.pl\/index.php?rest_route=\/wp\/v2\/pages\/1986","targetHints":{"allow":["GET"]}}],"collection":[{"href":"http:\/\/zenit.edu.pl\/index.php?rest_route=\/wp\/v2\/pages"}],"about":[{"href":"http:\/\/zenit.edu.pl\/index.php?rest_route=\/wp\/v2\/types\/page"}],"author":[{"embeddable":true,"href":"http:\/\/zenit.edu.pl\/index.php?rest_route=\/wp\/v2\/users\/1"}],"replies":[{"embeddable":true,"href":"http:\/\/zenit.edu.pl\/index.php?rest_route=%2Fwp%2Fv2%2Fcomments&post=1986"}],"version-history":[{"count":41,"href":"http:\/\/zenit.edu.pl\/index.php?rest_route=\/wp\/v2\/pages\/1986\/revisions"}],"predecessor-version":[{"id":4025,"href":"http:\/\/zenit.edu.pl\/index.php?rest_route=\/wp\/v2\/pages\/1986\/revisions\/4025"}],"wp:attachment":[{"href":"http:\/\/zenit.edu.pl\/index.php?rest_route=%2Fwp%2Fv2%2Fmedia&parent=1986"}],"curies":[{"name":"wp","href":"https:\/\/api.w.org\/{rel}","templated":true}]}}