{"id":1855,"date":"2023-07-17T09:43:22","date_gmt":"2023-07-17T09:43:22","guid":{"rendered":"http:\/\/zenit.edu.pl\/?page_id=1855"},"modified":"2023-07-22T04:30:44","modified_gmt":"2023-07-22T04:30:44","slug":"ogolne_warunki","status":"publish","type":"page","link":"http:\/\/zenit.edu.pl\/?page_id=1855","title":{"rendered":"Og\u00f3lne warunki szkolenia"},"content":{"rendered":"\t\t<div data-elementor-type=\"wp-page\" data-elementor-id=\"1855\" class=\"elementor elementor-1855\">\n\t\t\t\t\t\t<section class=\"elementor-section elementor-top-section elementor-element elementor-element-386e4f1a elementor-section-height-min-height elementor-section-content-middle elementor-section-boxed elementor-section-height-default elementor-section-items-middle\" data-id=\"386e4f1a\" data-element_type=\"section\" data-e-type=\"section\" data-settings=\"{&quot;background_background&quot;:&quot;classic&quot;}\">\n\t\t\t\t\t\t\t<div class=\"elementor-background-overlay\"><\/div>\n\t\t\t\t\t\t\t<div class=\"elementor-container elementor-column-gap-no\">\n\t\t\t\t\t<div class=\"elementor-column elementor-col-100 elementor-top-column elementor-element elementor-element-9400370\" data-id=\"9400370\" data-element_type=\"column\" data-e-type=\"column\">\n\t\t\t<div class=\"elementor-widget-wrap elementor-element-populated\">\n\t\t\t\t\t\t<div class=\"elementor-element elementor-element-65555ac3 elementor-widget elementor-widget-heading\" data-id=\"65555ac3\" data-element_type=\"widget\" data-e-type=\"widget\" data-widget_type=\"heading.default\">\n\t\t\t\t<div class=\"elementor-widget-container\">\n\t\t\t\t\t<h1 class=\"elementor-heading-title elementor-size-default\">Warunki Przyj\u0119cia na Kurs<\/h1>\t\t\t\t<\/div>\n\t\t\t\t<\/div>\n\t\t\t\t<div class=\"elementor-element elementor-element-45ebeb43 elementor-widget elementor-widget-heading\" data-id=\"45ebeb43\" data-element_type=\"widget\" data-e-type=\"widget\" data-widget_type=\"heading.default\">\n\t\t\t\t<div class=\"elementor-widget-container\">\n\t\t\t\t\t<h5 class=\"elementor-heading-title elementor-size-default\">Co musisz spe\u0142ni\u0107, aby wej\u015b\u0107 z nami we wsp\u00f3\u0142prac\u0119.<\/h5>\t\t\t\t<\/div>\n\t\t\t\t<\/div>\n\t\t\t\t\t<\/div>\n\t\t<\/div>\n\t\t\t\t\t<\/div>\n\t\t<\/section>\n\t\t\t\t<section class=\"elementor-section elementor-top-section elementor-element elementor-element-1a9e668 elementor-section-boxed elementor-section-height-default elementor-section-height-default\" data-id=\"1a9e668\" data-element_type=\"section\" data-e-type=\"section\">\n\t\t\t\t\t\t<div class=\"elementor-container elementor-column-gap-default\">\n\t\t\t\t\t<div class=\"elementor-column elementor-col-100 elementor-top-column elementor-element elementor-element-2d7169d\" data-id=\"2d7169d\" data-element_type=\"column\" data-e-type=\"column\">\n\t\t\t<div class=\"elementor-widget-wrap elementor-element-populated\">\n\t\t\t\t\t\t<div class=\"elementor-element elementor-element-09037fc elementor-widget elementor-widget-spacer\" data-id=\"09037fc\" data-element_type=\"widget\" data-e-type=\"widget\" data-widget_type=\"spacer.default\">\n\t\t\t\t<div class=\"elementor-widget-container\">\n\t\t\t\t\t\t\t<div class=\"elementor-spacer\">\n\t\t\t<div class=\"elementor-spacer-inner\"><\/div>\n\t\t<\/div>\n\t\t\t\t\t\t<\/div>\n\t\t\t\t<\/div>\n\t\t\t\t<div class=\"elementor-element elementor-element-e8dd563 elementor-widget elementor-widget-heading\" data-id=\"e8dd563\" data-element_type=\"widget\" data-e-type=\"widget\" data-widget_type=\"heading.default\">\n\t\t\t\t<div class=\"elementor-widget-container\">\n\t\t\t\t\t<h2 class=\"elementor-heading-title elementor-size-default\">Og\u00f3lne Warunki Szkolenia<\/h2>\t\t\t\t<\/div>\n\t\t\t\t<\/div>\n\t\t\t\t<div class=\"elementor-element elementor-element-43f38b7 elementor-widget elementor-widget-text-editor\" data-id=\"43f38b7\" data-element_type=\"widget\" data-e-type=\"widget\" data-widget_type=\"text-editor.default\">\n\t\t\t\t<div class=\"elementor-widget-container\">\n\t\t\t\t\t\t\t\t\t<div class=\"fl-row fl-row-full-width fl-row-bg-none fl-node-5d194389ece61\" data-node=\"5d194389ece61\"><div class=\"fl-row-content-wrap\"><div class=\"fl-row-content fl-row-fixed-width fl-node-content\"><div class=\"fl-col-group fl-node-5d194389ecce7\" data-node=\"5d194389ecce7\"><div class=\"fl-col fl-node-5d194389ecd69\" data-node=\"5d194389ecd69\"><div class=\"fl-col-content fl-node-content\"><div class=\"fl-module fl-module-rich-text fl-node-5d194389ecda7\" data-node=\"5d194389ecda7\"><div class=\"fl-module-content fl-node-content\"><div class=\"fl-rich-text\"><p><strong>1.<\/strong> Centrum Szkolenia Morskiego \u2013 ZENIT przyjmuje Kursanta w ramach naboru na wybrany przez niego kurs.<\/p><p><strong>2. <\/strong>Kursant jest obowi\u0105zany do jednorazowej wp\u0142aty na wybrany kurs.<\/p><p>Kursant jest obowi\u0105zany dokona\u0107 wp\u0142aty w momencie rejestracji na kurs lub w terminie wyznaczonym przez Dyrektora CSM-ZENIT.<\/p><p>W przypadku nieuregulowania przez Kursanta zaleg\u0142ej op\u0142aty, CSM-ZENIT ma prawo przekaza\u0107 obs\u0142ug\u0119 wierzytelno\u015bci zewn\u0119trznej firmie.<\/p><p>Op\u0142ata za kurs nie podlega zwrotowi.<\/p><p><strong>3. <\/strong>Kursant zobowi\u0105zuje si\u0119 przestrzega\u0107 Statutu CSM-ZENIT, stosowa\u0107 do polece\u0144 Dyrektora i wyk\u0142adowc\u00f3w oraz przestrzega\u0107 og\u00f3lnych zasad wsp\u00f3\u0142\u017cycia spo\u0142ecznego i zg\u0142asza\u0107 Dyrektorowi zauwa\u017cone nieprawid\u0142owo\u015bci w funkcjonowaniu Centrum.<\/p><p><strong>4. <\/strong>CSM-ZENIT zobowi\u0105zuje si\u0119 zorganizowa\u0107 i zapewni\u0107 Kursantowi nauk\u0119 zgodnie z programem i zasadami organizacyjnymi obowi\u0105zuj\u0105cymi w Centrum.<\/p><p><strong>5. <\/strong>W trakcie nauki Kursant zobowi\u0105zuje si\u0119 do odbycia zaj\u0119\u0107 praktycznych przewidzianych w programie dla danego kursu.<\/p><p><strong>6. <\/strong>Wszelkie sprawy nieuregulowane w niniejszym warunkach reguluj\u0105 przepisy Kodeksu Cywilnego, Ustawy<\/p><\/div><\/div><\/div><\/div><\/div><\/div><\/div><\/div><\/div>\t\t\t\t\t\t\t\t<\/div>\n\t\t\t\t<\/div>\n\t\t\t\t\t<\/div>\n\t\t<\/div>\n\t\t\t\t\t<\/div>\n\t\t<\/section>\n\t\t\t\t<\/div>\n\t\t","protected":false},"excerpt":{"rendered":"<p>Warunki Przyj\u0119cia na Kurs Co musisz spe\u0142ni\u0107, aby wej\u015b\u0107 z nami we wsp\u00f3\u0142prac\u0119. Og\u00f3lne Warunki Szkolenia 1. Centrum Szkolenia Morskiego \u2013 ZENIT przyjmuje Kursanta w ramach naboru na wybrany przez niego kurs. 2. Kursant jest obowi\u0105zany do jednorazowej wp\u0142aty na wybrany kurs. Kursant jest obowi\u0105zany dokona\u0107 wp\u0142aty w momencie rejestracji na kurs lub w terminie [&hellip;]<\/p>\n","protected":false},"author":1,"featured_media":0,"parent":0,"menu_order":0,"comment_status":"closed","ping_status":"closed","template":"","meta":{"site-sidebar-layout":"no-sidebar","site-content-layout":"page-builder","ast-site-content-layout":"default","site-content-style":"default","site-sidebar-style":"default","ast-global-header-display":"","ast-banner-title-visibility":"","ast-main-header-display":"","ast-hfb-above-header-display":"","ast-hfb-below-header-display":"","ast-hfb-mobile-header-display":"","site-post-title":"disabled","ast-breadcrumbs-content":"","ast-featured-img":"disabled","footer-sml-layout":"","ast-disable-related-posts":"","theme-transparent-header-meta":"","adv-header-id-meta":"","stick-header-meta":"","header-above-stick-meta":"","header-main-stick-meta":"","header-below-stick-meta":"","astra-migrate-meta-layouts":"default","ast-page-background-enabled":"default","ast-page-background-meta":{"desktop":{"background-color":"","background-image":"","background-repeat":"repeat","background-position":"center center","background-size":"auto","background-attachment":"scroll","background-type":"","background-media":"","overlay-type":"","overlay-color":"","overlay-opacity":"","overlay-gradient":""},"tablet":{"background-color":"","background-image":"","background-repeat":"repeat","background-position":"center center","background-size":"auto","background-attachment":"scroll","background-type":"","background-media":"","overlay-type":"","overlay-color":"","overlay-opacity":"","overlay-gradient":""},"mobile":{"background-color":"","background-image":"","background-repeat":"repeat","background-position":"center center","background-size":"auto","background-attachment":"scroll","background-type":"","background-media":"","overlay-type":"","overlay-color":"","overlay-opacity":"","overlay-gradient":""}},"ast-content-background-meta":{"desktop":{"background-color":"var(--ast-global-color-5)","background-image":"","background-repeat":"repeat","background-position":"center center","background-size":"auto","background-attachment":"scroll","background-type":"","background-media":"","overlay-type":"","overlay-color":"","overlay-opacity":"","overlay-gradient":""},"tablet":{"background-color":"var(--ast-global-color-5)","background-image":"","background-repeat":"repeat","background-position":"center center","background-size":"auto","background-attachment":"scroll","background-type":"","background-media":"","overlay-type":"","overlay-color":"","overlay-opacity":"","overlay-gradient":""},"mobile":{"background-color":"var(--ast-global-color-5)","background-image":"","background-repeat":"repeat","background-position":"center center","background-size":"auto","background-attachment":"scroll","background-type":"","background-media":"","overlay-type":"","overlay-color":"","overlay-opacity":"","overlay-gradient":""}},"footnotes":""},"class_list":["post-1855","page","type-page","status-publish","hentry"],"yoast_head":"<!-- This site is optimized with the Yoast SEO plugin v27.4 - https:\/\/yoast.com\/product\/yoast-seo-wordpress\/ -->\n<title>Og\u00f3lne warunki szkolenia -<\/title>\n<meta name=\"robots\" content=\"index, follow, max-snippet:-1, max-image-preview:large, max-video-preview:-1\" \/>\n<link rel=\"canonical\" href=\"https:\/\/zenit.edu.pl\/?page_id=1855\" \/>\n<meta property=\"og:locale\" content=\"pl_PL\" \/>\n<meta property=\"og:type\" content=\"article\" \/>\n<meta property=\"og:title\" content=\"Og\u00f3lne warunki szkolenia -\" \/>\n<meta property=\"og:description\" content=\"Warunki Przyj\u0119cia na Kurs Co musisz spe\u0142ni\u0107, aby wej\u015b\u0107 z nami we wsp\u00f3\u0142prac\u0119. Og\u00f3lne Warunki Szkolenia 1. Centrum Szkolenia Morskiego \u2013 ZENIT przyjmuje Kursanta w ramach naboru na wybrany przez niego kurs. 2. Kursant jest obowi\u0105zany do jednorazowej wp\u0142aty na wybrany kurs. Kursant jest obowi\u0105zany dokona\u0107 wp\u0142aty w momencie rejestracji na kurs lub w terminie [&hellip;]\" \/>\n<meta property=\"og:url\" content=\"https:\/\/zenit.edu.pl\/?page_id=1855\" \/>\n<meta property=\"article:modified_time\" content=\"2023-07-22T04:30:44+00:00\" \/>\n<meta name=\"twitter:card\" content=\"summary_large_image\" \/>\n<meta name=\"twitter:label1\" content=\"Szacowany czas czytania\" \/>\n\t<meta name=\"twitter:data1\" content=\"1 minuta\" \/>\n<script type=\"application\/ld+json\" class=\"yoast-schema-graph\">{\"@context\":\"https:\\\/\\\/schema.org\",\"@graph\":[{\"@type\":\"WebPage\",\"@id\":\"https:\\\/\\\/zenit.edu.pl\\\/?page_id=1855\",\"url\":\"https:\\\/\\\/zenit.edu.pl\\\/?page_id=1855\",\"name\":\"Og\u00f3lne warunki szkolenia -\",\"isPartOf\":{\"@id\":\"https:\\\/\\\/zenit.edu.pl\\\/#website\"},\"datePublished\":\"2023-07-17T09:43:22+00:00\",\"dateModified\":\"2023-07-22T04:30:44+00:00\",\"breadcrumb\":{\"@id\":\"https:\\\/\\\/zenit.edu.pl\\\/?page_id=1855#breadcrumb\"},\"inLanguage\":\"pl-PL\",\"potentialAction\":[{\"@type\":\"ReadAction\",\"target\":[\"https:\\\/\\\/zenit.edu.pl\\\/?page_id=1855\"]}]},{\"@type\":\"BreadcrumbList\",\"@id\":\"https:\\\/\\\/zenit.edu.pl\\\/?page_id=1855#breadcrumb\",\"itemListElement\":[{\"@type\":\"ListItem\",\"position\":1,\"name\":\"Strona g\u0142\u00f3wna\",\"item\":\"https:\\\/\\\/zenit.edu.pl\\\/\"},{\"@type\":\"ListItem\",\"position\":2,\"name\":\"Og\u00f3lne warunki szkolenia\"}]},{\"@type\":\"WebSite\",\"@id\":\"https:\\\/\\\/zenit.edu.pl\\\/#website\",\"url\":\"https:\\\/\\\/zenit.edu.pl\\\/\",\"name\":\"\",\"description\":\"Kursy Morskie\",\"potentialAction\":[{\"@type\":\"SearchAction\",\"target\":{\"@type\":\"EntryPoint\",\"urlTemplate\":\"https:\\\/\\\/zenit.edu.pl\\\/?s={search_term_string}\"},\"query-input\":{\"@type\":\"PropertyValueSpecification\",\"valueRequired\":true,\"valueName\":\"search_term_string\"}}],\"inLanguage\":\"pl-PL\"}]}<\/script>\n<!-- \/ Yoast SEO plugin. -->","yoast_head_json":{"title":"Og\u00f3lne warunki szkolenia -","robots":{"index":"index","follow":"follow","max-snippet":"max-snippet:-1","max-image-preview":"max-image-preview:large","max-video-preview":"max-video-preview:-1"},"canonical":"https:\/\/zenit.edu.pl\/?page_id=1855","og_locale":"pl_PL","og_type":"article","og_title":"Og\u00f3lne warunki szkolenia -","og_description":"Warunki Przyj\u0119cia na Kurs Co musisz spe\u0142ni\u0107, aby wej\u015b\u0107 z nami we wsp\u00f3\u0142prac\u0119. Og\u00f3lne Warunki Szkolenia 1. Centrum Szkolenia Morskiego \u2013 ZENIT przyjmuje Kursanta w ramach naboru na wybrany przez niego kurs. 2. Kursant jest obowi\u0105zany do jednorazowej wp\u0142aty na wybrany kurs. Kursant jest obowi\u0105zany dokona\u0107 wp\u0142aty w momencie rejestracji na kurs lub w terminie [&hellip;]","og_url":"https:\/\/zenit.edu.pl\/?page_id=1855","article_modified_time":"2023-07-22T04:30:44+00:00","twitter_card":"summary_large_image","twitter_misc":{"Szacowany czas czytania":"1 minuta"},"schema":{"@context":"https:\/\/schema.org","@graph":[{"@type":"WebPage","@id":"https:\/\/zenit.edu.pl\/?page_id=1855","url":"https:\/\/zenit.edu.pl\/?page_id=1855","name":"Og\u00f3lne warunki szkolenia -","isPartOf":{"@id":"https:\/\/zenit.edu.pl\/#website"},"datePublished":"2023-07-17T09:43:22+00:00","dateModified":"2023-07-22T04:30:44+00:00","breadcrumb":{"@id":"https:\/\/zenit.edu.pl\/?page_id=1855#breadcrumb"},"inLanguage":"pl-PL","potentialAction":[{"@type":"ReadAction","target":["https:\/\/zenit.edu.pl\/?page_id=1855"]}]},{"@type":"BreadcrumbList","@id":"https:\/\/zenit.edu.pl\/?page_id=1855#breadcrumb","itemListElement":[{"@type":"ListItem","position":1,"name":"Strona g\u0142\u00f3wna","item":"https:\/\/zenit.edu.pl\/"},{"@type":"ListItem","position":2,"name":"Og\u00f3lne warunki szkolenia"}]},{"@type":"WebSite","@id":"https:\/\/zenit.edu.pl\/#website","url":"https:\/\/zenit.edu.pl\/","name":"","description":"Kursy Morskie","potentialAction":[{"@type":"SearchAction","target":{"@type":"EntryPoint","urlTemplate":"https:\/\/zenit.edu.pl\/?s={search_term_string}"},"query-input":{"@type":"PropertyValueSpecification","valueRequired":true,"valueName":"search_term_string"}}],"inLanguage":"pl-PL"}]}},"_links":{"self":[{"href":"http:\/\/zenit.edu.pl\/index.php?rest_route=\/wp\/v2\/pages\/1855","targetHints":{"allow":["GET"]}}],"collection":[{"href":"http:\/\/zenit.edu.pl\/index.php?rest_route=\/wp\/v2\/pages"}],"about":[{"href":"http:\/\/zenit.edu.pl\/index.php?rest_route=\/wp\/v2\/types\/page"}],"author":[{"embeddable":true,"href":"http:\/\/zenit.edu.pl\/index.php?rest_route=\/wp\/v2\/users\/1"}],"replies":[{"embeddable":true,"href":"http:\/\/zenit.edu.pl\/index.php?rest_route=%2Fwp%2Fv2%2Fcomments&post=1855"}],"version-history":[{"count":17,"href":"http:\/\/zenit.edu.pl\/index.php?rest_route=\/wp\/v2\/pages\/1855\/revisions"}],"predecessor-version":[{"id":2124,"href":"http:\/\/zenit.edu.pl\/index.php?rest_route=\/wp\/v2\/pages\/1855\/revisions\/2124"}],"wp:attachment":[{"href":"http:\/\/zenit.edu.pl\/index.php?rest_route=%2Fwp%2Fv2%2Fmedia&parent=1855"}],"curies":[{"name":"wp","href":"https:\/\/api.w.org\/{rel}","templated":true}]}}